{"id":6090,"date":"2024-10-02T18:07:41","date_gmt":"2024-10-02T16:07:41","guid":{"rendered":"https:\/\/500metrescarres.com\/?page_id=6090"},"modified":"2025-02-24T12:00:10","modified_gmt":"2025-02-24T11:00:10","slug":"estimation","status":"publish","type":"page","link":"https:\/\/500metrescarres.com\/en\/estimation\/","title":{"rendered":"Estimate"},"content":{"rendered":"<div data-elementor-type=\"wp-page\" data-elementor-id=\"6090\" class=\"elementor elementor-6090\">\n\t\t\t\t<div class=\"elementor-element elementor-element-1ccebee e-flex e-con-boxed e-con e-parent\" data-id=\"1ccebee\" data-element_type=\"container\">\n\t\t\t\t\t<div class=\"e-con-inner\">\n\t\t\t\t<div class=\"elementor-element elementor-element-72a6658 elementor-widget elementor-widget-image\" data-id=\"72a6658\" data-element_type=\"widget\" data-widget_type=\"image.default\">\n\t\t\t\t<div class=\"elementor-widget-container\">\n\t\t\t\t\t\t\t\t\t\t\t\t\t\t\t<img decoding=\"async\" src=\"https:\/\/500metrescarres.com\/wp-content\/uploads\/elementor\/thumbs\/P1-svg-qtuzx35gjy758faf32ztskfkn6djvdftl5jqgldjju.png\" title=\"P1-svg\" alt=\"P1-svg\" loading=\"lazy\" \/>\t\t\t\t\t\t\t\t\t\t\t\t\t\t\t<\/div>\n\t\t\t\t<\/div>\n\t\t\t\t<div class=\"elementor-element elementor-element-83a77f8 elementor-widget elementor-widget-heading\" data-id=\"83a77f8\" data-element_type=\"widget\" data-widget_type=\"heading.default\">\n\t\t\t\t<div class=\"elementor-widget-container\">\n\t\t\t\t\t<h2 class=\"elementor-heading-title elementor-size-default\">Make an appointment with a 500 M\u00e8tres Carr\u00e9s professional.<\/h2>\t\t\t\t<\/div>\n\t\t\t\t<\/div>\n\t\t\t\t<div class=\"elementor-element elementor-element-b7a4872 elementor-widget elementor-widget-text-editor\" data-id=\"b7a4872\" data-element_type=\"widget\" data-widget_type=\"text-editor.default\">\n\t\t\t\t<div class=\"elementor-widget-container\">\n\t\t\t\t\t\t\t\t\t<p>Get a reliable estimate from a 500 square metre specialist.<\/p>\t\t\t\t\t\t\t\t<\/div>\n\t\t\t\t<\/div>\n\t\t\t\t\t<\/div>\n\t\t\t\t<\/div>\n\t\t<div class=\"elementor-element elementor-element-e0dd951 e-flex e-con-boxed e-con e-parent\" data-id=\"e0dd951\" data-element_type=\"container\">\n\t\t\t\t\t<div class=\"e-con-inner\">\n\t\t<div class=\"elementor-element elementor-element-0fd179b e-con-full e-flex e-con e-child\" data-id=\"0fd179b\" data-element_type=\"container\" data-settings=\"{&quot;background_background&quot;:&quot;classic&quot;}\">\n\t\t\t\t<div class=\"elementor-element elementor-element-ff79f22 elementor-widget elementor-widget-spacer\" data-id=\"ff79f22\" data-element_type=\"widget\" data-widget_type=\"spacer.default\">\n\t\t\t\t<div class=\"elementor-widget-container\">\n\t\t\t\t\t\t\t<div class=\"elementor-spacer\">\n\t\t\t<div class=\"elementor-spacer-inner\"><\/div>\n\t\t<\/div>\n\t\t\t\t\t\t<\/div>\n\t\t\t\t<\/div>\n\t\t\t\t<\/div>\n\t\t<div class=\"elementor-element elementor-element-6f6afd0 e-con-full e-flex e-con e-child\" data-id=\"6f6afd0\" data-element_type=\"container\">\n\t\t\t\t<div class=\"elementor-element elementor-element-3abbcdc elementor-widget elementor-widget-shortcode\" data-id=\"3abbcdc\" data-element_type=\"widget\" data-widget_type=\"shortcode.default\">\n\t\t\t\t<div class=\"elementor-widget-container\">\n\t\t\t\t\t\t\t<div class=\"elementor-shortcode\">\n<div class=\"wpcf7 no-js\" id=\"wpcf7-f4967-o1\" lang=\"fr-FR\" dir=\"ltr\" data-wpcf7-id=\"4967\">\n<div class=\"screen-reader-response\"><p role=\"status\" aria-live=\"polite\" aria-atomic=\"true\"><\/p> <ul><\/ul><\/div>\n<form action=\"\/en\/wp-json\/wp\/v2\/pages\/6090#wpcf7-f4967-o1\" method=\"post\" class=\"wpcf7-form init\" aria-label=\"Contact form\" novalidate=\"novalidate\" data-status=\"init\" data-trp-original-action=\"\/en\/wp-json\/wp\/v2\/pages\/6090#wpcf7-f4967-o1\">\n<fieldset class=\"hidden-fields-container\"><input type=\"hidden\" name=\"_wpcf7\" value=\"4967\" \/><input type=\"hidden\" name=\"_wpcf7_version\" value=\"6.1.1\" \/><input type=\"hidden\" name=\"_wpcf7_locale\" value=\"fr_FR\" \/><input type=\"hidden\" name=\"_wpcf7_unit_tag\" value=\"wpcf7-f4967-o1\" \/><input type=\"hidden\" name=\"_wpcf7_container_post\" value=\"0\" \/><input type=\"hidden\" name=\"_wpcf7_posted_data_hash\" value=\"\" \/>\n<\/fieldset>\n<div class=\"row\">\n\t<div class=\"col-12 col-sm-12\">\n\t\t<p>Civilit : <span class=\"wpcf7-form-control-wrap\" data-name=\"Civilit\"><select class=\"wpcf7-form-control wpcf7-select\" aria-invalid=\"false\" name=\"Civilit\"><option value=\"Madame\">Mrs.<\/option><option value=\"Monsieur\">Mr.<\/option><\/select><\/span>\n\t\t<\/p>\n\t<\/div>\n<\/div>\n<div class=\"row\">\n\t<div class=\"col-12 col-sm-6\">\n\t\t<p>Name : <span class=\"wpcf7-form-control-wrap\" data-name=\"text-293\"><input size=\"40\" maxlength=\"400\" class=\"wpcf7-form-control wpcf7-text wpcf7-validates-as-required\" aria-required=\"true\" aria-invalid=\"false\" placeholder=\"Name *\" value=\"\" type=\"text\" name=\"text-293\" \/><\/span>\n\t\t<\/p>\n\t<\/div>\n\t<div class=\"col-12 col-sm-6\">\n\t\t<p>First name : <span class=\"wpcf7-form-control-wrap\" data-name=\"text-294\"><input size=\"40\" maxlength=\"400\" class=\"wpcf7-form-control wpcf7-text wpcf7-validates-as-required\" aria-required=\"true\" aria-invalid=\"false\" placeholder=\"First name *\" value=\"\" type=\"text\" name=\"text-294\" \/><\/span>\n\t\t<\/p>\n\t<\/div>\n<\/div>\n<div class=\"row\">\n\t<div class=\"col-12 col-sm-6\">\n\t\t<p>Email address : <span class=\"wpcf7-form-control-wrap\" data-name=\"your-email\"><input size=\"40\" maxlength=\"400\" class=\"wpcf7-form-control wpcf7-email wpcf7-validates-as-required wpcf7-text wpcf7-validates-as-email\" aria-required=\"true\" aria-invalid=\"false\" placeholder=\"Email address *\" value=\"\" type=\"email\" name=\"your-email\" \/><\/span>\n\t\t<\/p>\n\t<\/div>\n\t<div class=\"col-12 col-sm-6\">\n\t\t<p>Telephone number : <span class=\"wpcf7-form-control-wrap\" data-name=\"tel-717\"><input size=\"40\" maxlength=\"400\" class=\"wpcf7-form-control wpcf7-tel wpcf7-validates-as-required wpcf7-text wpcf7-validates-as-tel\" aria-required=\"true\" aria-invalid=\"false\" placeholder=\"Telephone number\" value=\"\" type=\"tel\" name=\"tel-717\" \/><\/span>\n\t\t<\/p>\n\t<\/div>\n<\/div>\n<div class=\"row\">\n\t<div class=\"col-12 col-sm-6\">\n\t\t<p>Address of the property to be valued : <span class=\"wpcf7-form-control-wrap\" data-name=\"ville\"><input size=\"40\" maxlength=\"400\" class=\"wpcf7-form-control wpcf7-text wpcf7-validates-as-required\" aria-required=\"true\" aria-invalid=\"false\" placeholder=\"Address of the property to be valued\" value=\"\" type=\"text\" name=\"ville\" \/><\/span>\n\t\t<\/p>\n\t<\/div>\n\t<div class=\"col-12 col-sm-6\">\n\t\t<p>Type of property to be valued : <span class=\"wpcf7-form-control-wrap\" data-name=\"menu-369\"><select class=\"wpcf7-form-control wpcf7-select wpcf7-validates-as-required\" aria-required=\"true\" aria-invalid=\"false\" name=\"menu-369\"><option value=\"Appartement\">Flat<\/option><option value=\"Villa\">Villa<\/option><option value=\"Terrain\">Land<\/option><option value=\"local commercial\">business premises<\/option><\/select><\/span>\n\t\t<\/p>\n\t<\/div>\n<\/div>\n<div class=\"row\">\n\t<div class=\"col-12 col-sm-12\">\n\t\t<p><span class=\"wpcf7-form-control-wrap\" data-name=\"radio-702\"><span class=\"wpcf7-form-control wpcf7-radio\"><span class=\"wpcf7-list-item first last\"><label><input type=\"radio\" name=\"radio-702\" value=\"Je souhaite \u00eatre inform\u00e9 de toutes les actualit\u00e9s 500 M\u00e8tres Carr\u00e9s.\" checked=\"checked\" \/><span class=\"wpcf7-list-item-label\">I would like to receive all the latest news about 500 M\u00e8tres Carr\u00e9s.<\/span><\/label><\/span><\/span><\/span>\n\t\t<\/p>\n\t<\/div>\n<\/div>\n<div class=\"row\">\n\t<div class=\"col-12 col-sm-12\">\n\t\t<p><input class=\"wpcf7-form-control wpcf7-submit has-spinner\" type=\"submit\" value=\"Confirm my appointment request\" \/>\n\t\t<\/p>\n\t<\/div>\n<\/div>\n \n<!-- Bootstrap CSS -->\n<p><link href=\"https:\/\/maxcdn.bootstrapcdn.com\/bootstrap\/4.5.2\/css\/bootstrap.min.css\" rel=\"stylesheet\" \/>\n<\/p>\n\n<!-- Optional JavaScript -->\n<p><script src=\"https:\/\/code.jquery.com\/jquery-3.5.1.slim.min.js\"><\/script><br \/>\n<script src=\"https:\/\/cdn.jsdelivr.net\/npm\/@popperjs\/core@2.9.3\/dist\/umd\/popper.min.js\"><\/script><br \/>\n<script src=\"https:\/\/maxcdn.bootstrapcdn.com\/bootstrap\/4.5.2\/js\/bootstrap.min.js\"><\/script>\n<\/p><div class=\"wpcf7-response-output\" aria-hidden=\"true\"><\/div>\n<input type=\"hidden\" name=\"trp-form-language\" value=\"en\"\/><\/form>\n<\/div>\n<\/div>\n\t\t\t\t\t\t<\/div>\n\t\t\t\t<\/div>\n\t\t\t\t<\/div>\n\t\t\t\t\t<\/div>\n\t\t\t\t<\/div>\n\t\t<div class=\"elementor-element elementor-element-d7e5401 e-flex e-con-boxed e-con e-parent\" data-id=\"d7e5401\" data-element_type=\"container\">\n\t\t\t\t\t<div class=\"e-con-inner\">\n\t\t\t\t<div class=\"elementor-element elementor-element-82704cc elementor-widget elementor-widget-heading\" data-id=\"82704cc\" data-element_type=\"widget\" data-widget_type=\"heading.default\">\n\t\t\t\t<div class=\"elementor-widget-container\">\n\t\t\t\t\t<h2 class=\"elementor-heading-title elementor-size-default\">A first approach 100% online with 500 Square Metres.<\/h2>\t\t\t\t<\/div>\n\t\t\t\t<\/div>\n\t\t\t\t<div class=\"elementor-element elementor-element-0cd162e elementor-widget elementor-widget-text-editor\" data-id=\"0cd162e\" data-element_type=\"widget\" data-widget_type=\"text-editor.default\">\n\t\t\t\t<div class=\"elementor-widget-container\">\n\t\t\t\t\t\t\t\t\t<p><strong>I am selling and looking for a property:<\/strong><\/p><ul><li><strong>Find out the value of my 100% property online<\/strong> for an initial estimate.<\/li><li><strong>I consult the number of potentially interested buyers<\/strong> by my property at the moment.<\/li><li><strong>I'm looking at the latest properties sold in the area<\/strong> to better understand the market<\/li><\/ul>\t\t\t\t\t\t\t\t<\/div>\n\t\t\t\t<\/div>\n\t\t\t\t\t<\/div>\n\t\t\t\t<\/div>\n\t\t<div class=\"elementor-element elementor-element-e2ea0eb e-flex e-con-boxed e-con e-parent\" data-id=\"e2ea0eb\" data-element_type=\"container\">\n\t\t\t\t\t<div class=\"e-con-inner\">\n\t\t\t\t<div class=\"elementor-element elementor-element-3d02db1 elementor-widget elementor-widget-heading\" data-id=\"3d02db1\" data-element_type=\"widget\" data-widget_type=\"heading.default\">\n\t\t\t\t<div class=\"elementor-widget-container\">\n\t\t\t\t\t<h2 class=\"elementor-heading-title elementor-size-default\">Entrust the sale of your property to 500 M\u00e8tres Carr\u00e9s. Request your valuation today!<\/h2>\t\t\t\t<\/div>\n\t\t\t\t<\/div>\n\t\t\t\t<div class=\"elementor-element elementor-element-cb14c10 elementor-widget elementor-widget-text-editor\" data-id=\"cb14c10\" data-element_type=\"widget\" data-widget_type=\"text-editor.default\">\n\t\t\t\t<div class=\"elementor-widget-container\">\n\t\t\t\t\t\t\t\t\t<p>Selling a home, whether it's your principal residence or an investment property, is a financial and emotional act that requires time, attention and real expertise. Selling, for example, requires a sound knowledge of legal, tax and financial matters.<\/p><p>The 500 M\u00e8tres Carr\u00e9s network offers you the skills of a true real estate professional, who you can rely on at every stage of the transaction and to estimate the value of your property.<\/p>\t\t\t\t\t\t\t\t<\/div>\n\t\t\t\t<\/div>\n\t\t\t\t<div class=\"elementor-element elementor-element-ea24380 elementor-widget elementor-widget-image\" data-id=\"ea24380\" data-element_type=\"widget\" data-widget_type=\"image.default\">\n\t\t\t\t<div class=\"elementor-widget-container\">\n\t\t\t\t\t\t\t\t\t\t\t\t\t\t\t<img decoding=\"async\" src=\"https:\/\/500metrescarres.com\/wp-content\/uploads\/elementor\/thumbs\/P1-svg-2-qtuzxk2jyyub1elucab41g5vc425pxaznhah3kogfu.png\" title=\"P1-svg 2\" alt=\"P1-svg 2\" loading=\"lazy\" \/>\t\t\t\t\t\t\t\t\t\t\t\t\t\t\t<\/div>\n\t\t\t\t<\/div>\n\t\t\t\t\t<\/div>\n\t\t\t\t<\/div>\n\t\t\t\t<\/div>","protected":false},"excerpt":{"rendered":"<p>Make an appointment with a 500 M\u00e8tres Carr\u00e9s professional. Get a reliable estimate with a 500 M\u00e8tres Carr\u00e9s specialist. A first approach 100% online with 500 M\u00e8tres Carr\u00e9s. I'm a seller looking for a property: I find out the value of my property 100% online to get an initial estimate. I consult...<\/p>","protected":false},"author":1,"featured_media":0,"parent":0,"menu_order":0,"comment_status":"closed","ping_status":"closed","template":"","meta":{"inline_featured_image":false,"footnotes":""},"class_list":["post-6090","page","type-page","status-publish","hentry"],"_links":{"self":[{"href":"https:\/\/500metrescarres.com\/en\/wp-json\/wp\/v2\/pages\/6090","targetHints":{"allow":["GET"]}}],"collection":[{"href":"https:\/\/500metrescarres.com\/en\/wp-json\/wp\/v2\/pages"}],"about":[{"href":"https:\/\/500metrescarres.com\/en\/wp-json\/wp\/v2\/types\/page"}],"author":[{"embeddable":true,"href":"https:\/\/500metrescarres.com\/en\/wp-json\/wp\/v2\/users\/1"}],"replies":[{"embeddable":true,"href":"https:\/\/500metrescarres.com\/en\/wp-json\/wp\/v2\/comments?post=6090"}],"version-history":[{"count":43,"href":"https:\/\/500metrescarres.com\/en\/wp-json\/wp\/v2\/pages\/6090\/revisions"}],"predecessor-version":[{"id":6142,"href":"https:\/\/500metrescarres.com\/en\/wp-json\/wp\/v2\/pages\/6090\/revisions\/6142"}],"wp:attachment":[{"href":"https:\/\/500metrescarres.com\/en\/wp-json\/wp\/v2\/media?parent=6090"}],"curies":[{"name":"wp","href":"https:\/\/api.w.org\/{rel}","templated":true}]}}