{"id":5882,"date":"2024-09-30T11:51:07","date_gmt":"2024-09-30T09:51:07","guid":{"rendered":"https:\/\/500metrescarres.com\/?page_id=5882"},"modified":"2024-09-30T12:16:47","modified_gmt":"2024-09-30T10:16:47","slug":"blog","status":"publish","type":"page","link":"https:\/\/500metrescarres.com\/en\/blog\/","title":{"rendered":"Blog"},"content":{"rendered":"<div data-elementor-type=\"wp-page\" data-elementor-id=\"5882\" class=\"elementor elementor-5882\">\n\t\t\t\t<div class=\"elementor-element elementor-element-e5e7f70 e-flex e-con-boxed e-con e-parent\" data-id=\"e5e7f70\" data-element_type=\"container\">\n\t\t\t\t\t<div class=\"e-con-inner\">\n\t\t\t\t<div class=\"elementor-element elementor-element-5994377 elementor-widget elementor-widget-rhea-ultra-news\" data-id=\"5994377\" data-element_type=\"widget\" data-widget_type=\"rhea-ultra-news.default\">\n\t\t\t\t<div class=\"elementor-widget-container\">\n\t\t\t\t\t        <div id=\"rh-5994377\" class=\"rhea_ele_property_ajax_target\">\n            <div class=\"home-properties-section-inner-target\">\n\n\t\t\t\t                    <section class=\"rhea_ultra_news_section owl-carousel\" id=\"rhea-carousel-5994377\">\n\t\t\t\t\t\t                            <article>\n                                <div class=\"rhea_ultra_news_thumbnail\">\n\t\t\t\t\t\t\t\t\t\t<figure>\n\t\t<a href=\"https:\/\/500metrescarres.com\/en\/bonjour-tout-le-monde\/\" title=\"Hello everyone!\">\n\t\t\t<img fetchpriority=\"high\" decoding=\"async\" width=\"680\" height=\"510\" src=\"https:\/\/500metrescarres.com\/wp-content\/uploads\/2024\/09\/Screenshot_20240906_220712_Adobe-Acrobat-680x510.jpg\" class=\"attachment-modern-property-child-slider size-modern-property-child-slider wp-post-image\" alt=\"\" \/>\t\t<\/a>\n\t<\/figure>\n\t                                        <div class=\"rhea_ultra_post_author\">\n\n                                            <div class=\"rhea_author_avatar\">\n\t\t\t\t\t\t\t\t\t\t\t\t<img alt='' src='https:\/\/secure.gravatar.com\/avatar\/d201417051f3b8fe7448ac0f0d276d2c66d1e8942e94c43bf4c77710eec5c017?s=96&#038;d=mm&#038;r=g' srcset='https:\/\/secure.gravatar.com\/avatar\/d201417051f3b8fe7448ac0f0d276d2c66d1e8942e94c43bf4c77710eec5c017?s=192&#038;d=mm&#038;r=g 2x' class='avatar avatar-96 photo' height='96' width='96' \/>                                            <\/div>\n                                            <span class=\"by-author\">\n\t\t\t\t\t\t\t\t\t\t\t<span class=\"rhea_by\">\n\t\t\t\t\t\t\t\t\t\t\t\tBy\t\t\t\t\t\t\t\t\t\t\t<\/span>\n\t\t\t\t\t\t\t\t\t\t\t<span class=\"author-link\">500 square metres<\/span>\n\t\t\t\t\t\t\t\t\t\t\t<\/span>\n\n                                        <\/div>\n\t\t\t\t\t\t\t\t\t\t                                <\/div>\n                                <div class=\"rhea_ultra_post_detail\">\n\t\t\t\t\t\t\t\t\t                                        <p class=\"rhea_ultra_news_date\">\n                                            <time class=\"rhea_ultra_date\" datetime=\"2024-09-30T11:16:17+02:00\"> 31 August 2024<\/time>\n                                        <\/p>\n\t\t\t\t\t\t\t\t\t\t\n                                    <h3 class=\"rhea_ultra_post_title\">\n                                        <a href=\"https:\/\/500metrescarres.com\/en\/bonjour-tout-le-monde\/\">Hello everyone!<\/a>\n                                    <\/h3>\n\n\t\t\t\t\t\t\t\t\t                                        <p class=\"rhea_ultra_post_excerpt\">Welcome to WordPress. This is your first post. Edit it or delete it, then start writing!<\/p>\n\t\t\t\t\t\t\t\t\t\t                                            <p class=\"rhea_ultra_post_tags\">\n\t\t\t\t\t\t\t\t\t\t\t\t                                                    <a href=\"https:\/\/500metrescarres.com\/en\/category\/non-classe\/\">Uncategorized<\/a>\n\t\t\t\t\t\t\t\t\t\t\t\t\t                                            <\/p>\n\t\t\t\t\t\t\t\t\t\t\t                                <\/div>\n                            <\/article>\n\t\t\t\t\t\t\t                    <\/section>\n\t\t\t\t\t                <div id=\"rhea-nav-5994377\" class=\"rhea-ultra-carousel-nav-center rhea-ultra-nav-box rhea-ultra-owl-nav owl-nav\">\n                    <div id=\"rhea-dots-5994377\" class=\"rhea-ultra-owl-dots owl-dots\"><\/div>\n                <\/div>\n            <\/div>\n        <\/div>\n        <script type=\"application\/javascript\">\n\n\t\t\t            jQuery( document ).ready( function () {\n\n                jQuery( \"#rhea-carousel-5994377\" ).owlCarousel( {\n                    items         : 3,\n                    nav           : true,\n                    dots          : true,\n                    dotsEach      : true,\n                    smartSpeed    : 500,\n                    rtl           : rheaIsRTL(),\n                    loop          : false,\n                    navText       : ['<i class=\"fas fa-caret-left\"><\/i>', '<i class=\"fas fa-caret-right\"><\/i>'],\n                    navContainer  : '#rhea-nav-5994377',\n                    dotsContainer : '#rhea-dots-5994377',\n                    responsive    : {\n                        \/\/ breakpoint from 0 up\n                        0    : {\n                            items : 1\n                        },\n                        \/\/ breakpoint from 650 up\n                        650  : {\n                            items  : 2,\n                            margin : 20\n                        },\n                        \/\/ breakpoint from 1140 up\n                        1140 : {\n                            items  : 3,\n                            margin : 30\n                        },\n                        1400 : {\n                            margin : 40\n                        }\n                    }\n                } );\n\n                EREloadNewsSlider();\n            } );\n        <\/script>\n\t\t\t\t\t\t<\/div>\n\t\t\t\t<\/div>\n\t\t\t\t\t<\/div>\n\t\t\t\t<\/div>\n\t\t\t\t<\/div>","protected":false},"excerpt":{"rendered":"<p>Par 500 M\u00e8tres Carr\u00e9s 31 ao\u00fbt 2024 Bonjour tout le monde\u00a0! Bienvenue sur WordPress. Ceci est votre premier article. Modifiez-le ou supprimez-le, puis commencez \u00e0 \u00e9crire\u00a0! Non class\u00e9<\/p>","protected":false},"author":1,"featured_media":0,"parent":0,"menu_order":0,"comment_status":"closed","ping_status":"closed","template":"","meta":{"inline_featured_image":false,"footnotes":""},"class_list":["post-5882","page","type-page","status-publish","hentry"],"_links":{"self":[{"href":"https:\/\/500metrescarres.com\/en\/wp-json\/wp\/v2\/pages\/5882","targetHints":{"allow":["GET"]}}],"collection":[{"href":"https:\/\/500metrescarres.com\/en\/wp-json\/wp\/v2\/pages"}],"about":[{"href":"https:\/\/500metrescarres.com\/en\/wp-json\/wp\/v2\/types\/page"}],"author":[{"embeddable":true,"href":"https:\/\/500metrescarres.com\/en\/wp-json\/wp\/v2\/users\/1"}],"replies":[{"embeddable":true,"href":"https:\/\/500metrescarres.com\/en\/wp-json\/wp\/v2\/comments?post=5882"}],"version-history":[{"count":10,"href":"https:\/\/500metrescarres.com\/en\/wp-json\/wp\/v2\/pages\/5882\/revisions"}],"predecessor-version":[{"id":5898,"href":"https:\/\/500metrescarres.com\/en\/wp-json\/wp\/v2\/pages\/5882\/revisions\/5898"}],"wp:attachment":[{"href":"https:\/\/500metrescarres.com\/en\/wp-json\/wp\/v2\/media?parent=5882"}],"curies":[{"name":"wp","href":"https:\/\/api.w.org\/{rel}","templated":true}]}}